{"id":273,"date":"2021-03-02T08:32:13","date_gmt":"2021-03-02T08:32:13","guid":{"rendered":"http:\/\/www.klein-alisch.eu\/?page_id=273"},"modified":"2023-05-19T06:25:32","modified_gmt":"2023-05-19T06:25:32","slug":"wir-sind-klein-alischer-saat","status":"publish","type":"page","link":"https:\/\/www.klein-alisch.eu\/ro\/","title":{"rendered":"Noi"},"content":{"rendered":"\n<div class=\"wp-block-columns is-layout-flex wp-container-core-columns-is-layout-1 wp-block-columns-is-layout-flex\">\n<div class=\"wp-block-column is-layout-flow wp-block-column-is-layout-flow\">\n<p class=\"has-text-color\" style=\"color:#9c9e9f\">Suntem \u201eS\u0103m\u00e2n\u021ba Seleu\u0219ul Mic\u201d, o asocia\u021bie transilv\u0103nean\u0103 din Seleu\u0219ul Mic, jude\u0163ul Mure\u015f, Rom\u00e2nia, pe care am fondat-o \u00een 2015. Numele asocia\u021biei noastre \u00een limba oficial\u0103 administrativ\u0103 a \u021b\u0103rii noastre &#8211; rom\u00e2n\u0103, este \u201eAsocia\u021bia S\u0103m\u00e2n\u021ba Seleu\u0219ul &#8211; Mic\u201d.<br><br>Suntem dedica\u021bi revitaliz\u0103rii, conserv\u0103rii \u0219i dezvolt\u0103rii peisajului cultural multietnic transilv\u0103nean \u00eentr-un context european.<br><br>Contribuim la aceasta prin men\u021binerea \u0219i cultivarea culturii transilv\u0103nene-s\u0103se\u0219ti, a caselor noastre tipice \u0219i a bisericii noastre evanghelice.<br><br>De asemenea, oper\u0103m \u0219i sus\u021binem agricultura la fa\u021ba locului, scopul aici este s\u0103 ne furniz\u0103m hran\u0103 \u0219i energie, f\u0103r\u0103 a fi nevoie s\u0103 recurgem la materii prime din afara localit\u0103\u0163ii.<br><br>Tr\u0103im \u00eentr-un cartier activ cu to\u021bi locuitorii din Seleu\u0219ul Mic, respect\u0103m personalitatea \u0219i cultura lor \u0219i \u00eei \u00eent\u00e2lnim cu ochii \u0219i inimile deschise.<br><br>Recunoa\u0219tem \u00een ceea ce prive\u015fte vremea, plantele \u0219i sentimentele noastre, c\u0103 planeta noastr\u0103 se schimb\u0103 odat\u0103 cu noi. \u00cen Seleu\u0219ul Mic sim\u021bim o energie pozitiv\u0103 puternic\u0103.<\/p>\n<\/div>\n\n\n\n<div class=\"wp-block-column is-layout-flow wp-block-column-is-layout-flow\">\n<figure class=\"wp-block-image size-full\"><a href=\"http:\/\/www.klein-alisch.eu\/wp-content\/uploads\/2021\/03\/01_IMG_4615-scaled.jpg\" target=\"_blank\" rel=\"noopener\"><img loading=\"lazy\" decoding=\"async\" width=\"2560\" height=\"1707\" src=\"http:\/\/www.klein-alisch.eu\/wp-content\/uploads\/2021\/03\/01_IMG_4615-scaled.jpg\" alt=\"St\u00f6rche\" class=\"wp-image-229\" srcset=\"https:\/\/www.klein-alisch.eu\/wp-content\/uploads\/2021\/03\/01_IMG_4615-scaled.jpg 2560w, https:\/\/www.klein-alisch.eu\/wp-content\/uploads\/2021\/03\/01_IMG_4615-300x200.jpg 300w, https:\/\/www.klein-alisch.eu\/wp-content\/uploads\/2021\/03\/01_IMG_4615-1024x683.jpg 1024w, https:\/\/www.klein-alisch.eu\/wp-content\/uploads\/2021\/03\/01_IMG_4615-768x512.jpg 768w, https:\/\/www.klein-alisch.eu\/wp-content\/uploads\/2021\/03\/01_IMG_4615-1536x1024.jpg 1536w, https:\/\/www.klein-alisch.eu\/wp-content\/uploads\/2021\/03\/01_IMG_4615-2048x1365.jpg 2048w, https:\/\/www.klein-alisch.eu\/wp-content\/uploads\/2021\/03\/01_IMG_4615-225x150.jpg 225w, https:\/\/www.klein-alisch.eu\/wp-content\/uploads\/2021\/03\/01_IMG_4615-150x100.jpg 150w\" sizes=\"(max-width: 2560px) 100vw, 2560px\" \/><\/a><\/figure>\n\n\n\n<figure class=\"wp-block-image size-large\"><a href=\"http:\/\/www.klein-alisch.eu\/wp-content\/uploads\/2021\/03\/01_INTERNETZ_18.jpg\" target=\"_blank\" rel=\"noopener\"><img loading=\"lazy\" decoding=\"async\" width=\"1024\" height=\"768\" src=\"http:\/\/www.klein-alisch.eu\/wp-content\/uploads\/2021\/03\/01_INTERNETZ_18-1024x768.jpg\" alt=\"\" class=\"wp-image-231\" srcset=\"https:\/\/www.klein-alisch.eu\/wp-content\/uploads\/2021\/03\/01_INTERNETZ_18-1024x768.jpg 1024w, https:\/\/www.klein-alisch.eu\/wp-content\/uploads\/2021\/03\/01_INTERNETZ_18-300x225.jpg 300w, https:\/\/www.klein-alisch.eu\/wp-content\/uploads\/2021\/03\/01_INTERNETZ_18-768x576.jpg 768w, https:\/\/www.klein-alisch.eu\/wp-content\/uploads\/2021\/03\/01_INTERNETZ_18-200x150.jpg 200w, https:\/\/www.klein-alisch.eu\/wp-content\/uploads\/2021\/03\/01_INTERNETZ_18-150x112.jpg 150w, https:\/\/www.klein-alisch.eu\/wp-content\/uploads\/2021\/03\/01_INTERNETZ_18.jpg 1326w\" sizes=\"(max-width: 1024px) 100vw, 1024px\" \/><\/a><\/figure>\n\n\n\n<figure class=\"wp-block-image size-large\"><a href=\"http:\/\/www.klein-alisch.eu\/wp-content\/uploads\/2021\/03\/01_IMG_3520.jpg\" target=\"_blank\" rel=\"noopener\"><img loading=\"lazy\" decoding=\"async\" width=\"1024\" height=\"683\" src=\"http:\/\/www.klein-alisch.eu\/wp-content\/uploads\/2021\/03\/01_IMG_3520-1024x683.jpg\" alt=\"\" class=\"wp-image-238\" srcset=\"https:\/\/www.klein-alisch.eu\/wp-content\/uploads\/2021\/03\/01_IMG_3520-1024x683.jpg 1024w, https:\/\/www.klein-alisch.eu\/wp-content\/uploads\/2021\/03\/01_IMG_3520-300x200.jpg 300w, https:\/\/www.klein-alisch.eu\/wp-content\/uploads\/2021\/03\/01_IMG_3520-768x512.jpg 768w, https:\/\/www.klein-alisch.eu\/wp-content\/uploads\/2021\/03\/01_IMG_3520-1536x1024.jpg 1536w, https:\/\/www.klein-alisch.eu\/wp-content\/uploads\/2021\/03\/01_IMG_3520-225x150.jpg 225w, https:\/\/www.klein-alisch.eu\/wp-content\/uploads\/2021\/03\/01_IMG_3520-150x100.jpg 150w, https:\/\/www.klein-alisch.eu\/wp-content\/uploads\/2021\/03\/01_IMG_3520.jpg 1728w\" sizes=\"(max-width: 1024px) 100vw, 1024px\" \/><\/a><\/figure>\n<\/div>\n<\/div>\n\n\n\n<figure class=\"wp-block-gallery columns-3 is-cropped wp-block-gallery-1 is-layout-flex wp-block-gallery-is-layout-flex\"><ul class=\"blocks-gallery-grid\"><li class=\"blocks-gallery-item\"><figure><a href=\"http:\/\/www.klein-alisch.eu\/wp-content\/uploads\/2021\/03\/01_IMG_0663-scaled.jpg\"><img loading=\"lazy\" decoding=\"async\" width=\"1024\" height=\"768\" src=\"http:\/\/www.klein-alisch.eu\/wp-content\/uploads\/2021\/03\/01_IMG_0663-1024x768.jpg\" alt=\"\" data-id=\"242\" data-full-url=\"http:\/\/www.klein-alisch.eu\/wp-content\/uploads\/2021\/03\/01_IMG_0663-scaled.jpg\" data-link=\"http:\/\/www.klein-alisch.eu\/start\/01-wir-sind-klein-alischer-saat\/attachment\/01_img_0663\/\" class=\"wp-image-242\" srcset=\"https:\/\/www.klein-alisch.eu\/wp-content\/uploads\/2021\/03\/01_IMG_0663-1024x768.jpg 1024w, https:\/\/www.klein-alisch.eu\/wp-content\/uploads\/2021\/03\/01_IMG_0663-300x225.jpg 300w, https:\/\/www.klein-alisch.eu\/wp-content\/uploads\/2021\/03\/01_IMG_0663-768x576.jpg 768w, https:\/\/www.klein-alisch.eu\/wp-content\/uploads\/2021\/03\/01_IMG_0663-1536x1152.jpg 1536w, https:\/\/www.klein-alisch.eu\/wp-content\/uploads\/2021\/03\/01_IMG_0663-2048x1536.jpg 2048w, https:\/\/www.klein-alisch.eu\/wp-content\/uploads\/2021\/03\/01_IMG_0663-200x150.jpg 200w, https:\/\/www.klein-alisch.eu\/wp-content\/uploads\/2021\/03\/01_IMG_0663-150x113.jpg 150w\" sizes=\"(max-width: 1024px) 100vw, 1024px\" \/><\/a><\/figure><\/li><li class=\"blocks-gallery-item\"><figure><a href=\"http:\/\/www.klein-alisch.eu\/wp-content\/uploads\/2021\/03\/01_IMG_3910.jpg\"><img loading=\"lazy\" decoding=\"async\" width=\"1024\" height=\"683\" src=\"http:\/\/www.klein-alisch.eu\/wp-content\/uploads\/2021\/03\/01_IMG_3910-1024x683.jpg\" alt=\"\" data-id=\"243\" data-full-url=\"http:\/\/www.klein-alisch.eu\/wp-content\/uploads\/2021\/03\/01_IMG_3910.jpg\" data-link=\"http:\/\/www.klein-alisch.eu\/start\/01-wir-sind-klein-alischer-saat\/attachment\/01_img_3910\/\" class=\"wp-image-243\" srcset=\"https:\/\/www.klein-alisch.eu\/wp-content\/uploads\/2021\/03\/01_IMG_3910-1024x683.jpg 1024w, https:\/\/www.klein-alisch.eu\/wp-content\/uploads\/2021\/03\/01_IMG_3910-300x200.jpg 300w, https:\/\/www.klein-alisch.eu\/wp-content\/uploads\/2021\/03\/01_IMG_3910-768x512.jpg 768w, https:\/\/www.klein-alisch.eu\/wp-content\/uploads\/2021\/03\/01_IMG_3910-1536x1024.jpg 1536w, https:\/\/www.klein-alisch.eu\/wp-content\/uploads\/2021\/03\/01_IMG_3910-225x150.jpg 225w, https:\/\/www.klein-alisch.eu\/wp-content\/uploads\/2021\/03\/01_IMG_3910-150x100.jpg 150w, https:\/\/www.klein-alisch.eu\/wp-content\/uploads\/2021\/03\/01_IMG_3910.jpg 1728w\" sizes=\"(max-width: 1024px) 100vw, 1024px\" \/><\/a><\/figure><\/li><li class=\"blocks-gallery-item\"><figure><a href=\"http:\/\/www.klein-alisch.eu\/wp-content\/uploads\/2021\/03\/01_IMG_5435-4.jpg\"><img loading=\"lazy\" decoding=\"async\" width=\"1024\" height=\"683\" src=\"http:\/\/www.klein-alisch.eu\/wp-content\/uploads\/2021\/03\/01_IMG_5435-4-1024x683.jpg\" alt=\"\" data-id=\"326\" data-full-url=\"http:\/\/www.klein-alisch.eu\/wp-content\/uploads\/2021\/03\/01_IMG_5435-4.jpg\" data-link=\"http:\/\/www.klein-alisch.eu\/01_img_5435-5\/\" class=\"wp-image-326\" srcset=\"https:\/\/www.klein-alisch.eu\/wp-content\/uploads\/2021\/03\/01_IMG_5435-4-1024x683.jpg 1024w, https:\/\/www.klein-alisch.eu\/wp-content\/uploads\/2021\/03\/01_IMG_5435-4-300x200.jpg 300w, https:\/\/www.klein-alisch.eu\/wp-content\/uploads\/2021\/03\/01_IMG_5435-4-768x512.jpg 768w, https:\/\/www.klein-alisch.eu\/wp-content\/uploads\/2021\/03\/01_IMG_5435-4-1536x1024.jpg 1536w, https:\/\/www.klein-alisch.eu\/wp-content\/uploads\/2021\/03\/01_IMG_5435-4-225x150.jpg 225w, https:\/\/www.klein-alisch.eu\/wp-content\/uploads\/2021\/03\/01_IMG_5435-4-150x100.jpg 150w, https:\/\/www.klein-alisch.eu\/wp-content\/uploads\/2021\/03\/01_IMG_5435-4.jpg 1728w\" sizes=\"(max-width: 1024px) 100vw, 1024px\" \/><\/a><\/figure><\/li><li class=\"blocks-gallery-item\"><figure><a href=\"http:\/\/www.klein-alisch.eu\/wp-content\/uploads\/2021\/03\/01_INTERNETZ_4-scaled.jpg\"><img loading=\"lazy\" decoding=\"async\" width=\"1024\" height=\"768\" src=\"http:\/\/www.klein-alisch.eu\/wp-content\/uploads\/2021\/03\/01_INTERNETZ_4-1024x768.jpg\" alt=\"\" data-id=\"245\" data-full-url=\"http:\/\/www.klein-alisch.eu\/wp-content\/uploads\/2021\/03\/01_INTERNETZ_4-scaled.jpg\" data-link=\"http:\/\/www.klein-alisch.eu\/start\/01-wir-sind-klein-alischer-saat\/attachment\/01_internetz_4\/\" class=\"wp-image-245\" srcset=\"https:\/\/www.klein-alisch.eu\/wp-content\/uploads\/2021\/03\/01_INTERNETZ_4-1024x768.jpg 1024w, https:\/\/www.klein-alisch.eu\/wp-content\/uploads\/2021\/03\/01_INTERNETZ_4-300x225.jpg 300w, https:\/\/www.klein-alisch.eu\/wp-content\/uploads\/2021\/03\/01_INTERNETZ_4-768x576.jpg 768w, https:\/\/www.klein-alisch.eu\/wp-content\/uploads\/2021\/03\/01_INTERNETZ_4-1536x1152.jpg 1536w, https:\/\/www.klein-alisch.eu\/wp-content\/uploads\/2021\/03\/01_INTERNETZ_4-2048x1536.jpg 2048w, https:\/\/www.klein-alisch.eu\/wp-content\/uploads\/2021\/03\/01_INTERNETZ_4-200x150.jpg 200w, https:\/\/www.klein-alisch.eu\/wp-content\/uploads\/2021\/03\/01_INTERNETZ_4-150x113.jpg 150w\" sizes=\"(max-width: 1024px) 100vw, 1024px\" \/><\/a><\/figure><\/li><li class=\"blocks-gallery-item\"><figure><a href=\"http:\/\/www.klein-alisch.eu\/wp-content\/uploads\/2021\/03\/01_INTERNETZ_7-scaled.jpg\"><img loading=\"lazy\" decoding=\"async\" width=\"1024\" height=\"768\" src=\"http:\/\/www.klein-alisch.eu\/wp-content\/uploads\/2021\/03\/01_INTERNETZ_7-1024x768.jpg\" alt=\"\" data-id=\"246\" data-full-url=\"http:\/\/www.klein-alisch.eu\/wp-content\/uploads\/2021\/03\/01_INTERNETZ_7-scaled.jpg\" data-link=\"http:\/\/www.klein-alisch.eu\/start\/01-wir-sind-klein-alischer-saat\/attachment\/01_internetz_7\/\" class=\"wp-image-246\" srcset=\"https:\/\/www.klein-alisch.eu\/wp-content\/uploads\/2021\/03\/01_INTERNETZ_7-1024x768.jpg 1024w, https:\/\/www.klein-alisch.eu\/wp-content\/uploads\/2021\/03\/01_INTERNETZ_7-300x225.jpg 300w, https:\/\/www.klein-alisch.eu\/wp-content\/uploads\/2021\/03\/01_INTERNETZ_7-768x576.jpg 768w, https:\/\/www.klein-alisch.eu\/wp-content\/uploads\/2021\/03\/01_INTERNETZ_7-1536x1152.jpg 1536w, https:\/\/www.klein-alisch.eu\/wp-content\/uploads\/2021\/03\/01_INTERNETZ_7-2048x1536.jpg 2048w, https:\/\/www.klein-alisch.eu\/wp-content\/uploads\/2021\/03\/01_INTERNETZ_7-200x150.jpg 200w, https:\/\/www.klein-alisch.eu\/wp-content\/uploads\/2021\/03\/01_INTERNETZ_7-150x113.jpg 150w\" sizes=\"(max-width: 1024px) 100vw, 1024px\" \/><\/a><\/figure><\/li><li class=\"blocks-gallery-item\"><figure><a href=\"http:\/\/www.klein-alisch.eu\/wp-content\/uploads\/2021\/03\/01_P1040236-scaled.jpg\"><img loading=\"lazy\" decoding=\"async\" width=\"1024\" height=\"683\" src=\"http:\/\/www.klein-alisch.eu\/wp-content\/uploads\/2021\/03\/01_P1040236-1024x683.jpg\" alt=\"\" data-id=\"247\" data-full-url=\"http:\/\/www.klein-alisch.eu\/wp-content\/uploads\/2021\/03\/01_P1040236-scaled.jpg\" data-link=\"http:\/\/www.klein-alisch.eu\/start\/01-wir-sind-klein-alischer-saat\/attachment\/01_p1040236\/\" class=\"wp-image-247\" srcset=\"https:\/\/www.klein-alisch.eu\/wp-content\/uploads\/2021\/03\/01_P1040236-1024x683.jpg 1024w, https:\/\/www.klein-alisch.eu\/wp-content\/uploads\/2021\/03\/01_P1040236-300x200.jpg 300w, https:\/\/www.klein-alisch.eu\/wp-content\/uploads\/2021\/03\/01_P1040236-768x512.jpg 768w, https:\/\/www.klein-alisch.eu\/wp-content\/uploads\/2021\/03\/01_P1040236-1536x1024.jpg 1536w, https:\/\/www.klein-alisch.eu\/wp-content\/uploads\/2021\/03\/01_P1040236-2048x1365.jpg 2048w, https:\/\/www.klein-alisch.eu\/wp-content\/uploads\/2021\/03\/01_P1040236-225x150.jpg 225w, https:\/\/www.klein-alisch.eu\/wp-content\/uploads\/2021\/03\/01_P1040236-150x100.jpg 150w\" sizes=\"(max-width: 1024px) 100vw, 1024px\" \/><\/a><\/figure><\/li><\/ul><\/figure>\n\n\n\n<p><\/p>\n","protected":false},"excerpt":{"rendered":"<p>Suntem \u201eS\u0103m\u00e2n\u021ba Seleu\u0219ul Mic\u201d, o asocia\u021bie transilv\u0103nean\u0103 din Seleu\u0219ul Mic, jude\u0163ul Mure\u015f, Rom\u00e2nia, pe care am fondat-o \u00een 2015. Numele asocia\u021biei noastre \u00een limba oficial\u0103 administrativ\u0103 a \u021b\u0103rii noastre &#8211; rom\u00e2n\u0103, este \u201eAsocia\u021bia S\u0103m\u00e2n\u021ba Seleu\u0219ul &#8211; Mic\u201d. Suntem dedica\u021bi revitaliz\u0103rii, conserv\u0103rii \u0219i dezvolt\u0103rii peisajului cultural multietnic transilv\u0103nean \u00eentr-un context european.\u2026 <a class=\"continue-reading-link\" href=\"https:\/\/www.klein-alisch.eu\/ro\/\">weiterlesen<\/a><\/p>\n","protected":false},"author":1,"featured_media":0,"parent":0,"menu_order":0,"comment_status":"closed","ping_status":"closed","template":"","meta":{"footnotes":""},"translation":{"provider":"WPGlobus","version":"2.12.2","language":"ro","enabled_languages":["de","ro","en","hu"],"languages":{"de":{"title":true,"content":true,"excerpt":false},"ro":{"title":true,"content":true,"excerpt":false},"en":{"title":true,"content":true,"excerpt":false},"hu":{"title":true,"content":true,"excerpt":false}}},"_links":{"self":[{"href":"https:\/\/www.klein-alisch.eu\/ro\/wp-json\/wp\/v2\/pages\/273"}],"collection":[{"href":"https:\/\/www.klein-alisch.eu\/ro\/wp-json\/wp\/v2\/pages"}],"about":[{"href":"https:\/\/www.klein-alisch.eu\/ro\/wp-json\/wp\/v2\/types\/page"}],"author":[{"embeddable":true,"href":"https:\/\/www.klein-alisch.eu\/ro\/wp-json\/wp\/v2\/users\/1"}],"replies":[{"embeddable":true,"href":"https:\/\/www.klein-alisch.eu\/ro\/wp-json\/wp\/v2\/comments?post=273"}],"version-history":[{"count":10,"href":"https:\/\/www.klein-alisch.eu\/ro\/wp-json\/wp\/v2\/pages\/273\/revisions"}],"predecessor-version":[{"id":870,"href":"https:\/\/www.klein-alisch.eu\/ro\/wp-json\/wp\/v2\/pages\/273\/revisions\/870"}],"wp:attachment":[{"href":"https:\/\/www.klein-alisch.eu\/ro\/wp-json\/wp\/v2\/media?parent=273"}],"curies":[{"name":"wp","href":"https:\/\/api.w.org\/{rel}","templated":true}]}}